{"id":151,"date":"2020-08-28T20:21:17","date_gmt":"2020-08-28T20:21:17","guid":{"rendered":"https:\/\/springlanecapital.com\/portfolio\/"},"modified":"2021-01-22T17:12:49","modified_gmt":"2021-01-22T17:12:49","slug":"portefeuille","status":"publish","type":"page","link":"https:\/\/slc.strandqvist.studio\/fr\/portefeuille\/","title":{"rendered":"Portefeuille"},"content":{"rendered":"\n<div class=\"wp-block-group\"><div class=\"wp-block-group__inner-container is-layout-flow wp-block-group-is-layout-flow\">\n<div class=\"wp-block-columns is-layout-flex wp-container-core-columns-is-layout-9d6595d7 wp-block-columns-is-layout-flex\">\n<div class=\"wp-block-column is-layout-flow wp-block-column-is-layout-flow\">\n<h2 class=\"wp-block-heading\">LE CAPITAL DE PROJET CATALYSEUR PERMET LA CROISSANCE<\/h2>\n<\/div>\n\n\n\n<div class=\"wp-block-column is-layout-flow wp-block-column-is-layout-flow\">\n<h4 class=\"wp-block-heading\"><strong>Spring Lane utilise le financement de projets pour acc\u00e9l\u00e9rer la croissance d\u2019entreprises durables dans les milieux de l\u2019alimentation, de l\u2019eau, de la gestion des d\u00e9chets, de l\u2019\u00e9nergie et du transport.<\/strong><\/h4>\n\n\n\n<p>Ce m\u00eame mod\u00e8le, fond\u00e9 sur le capital de tiers, est ce qui a permis la croissance rapide du secteur de l\u2019\u00e9nergie solaire aux \u00c9tats-Unis. Cette mani\u00e8re de faire permet aux entreprises de \u00ab&nbsp;passer au cycle sup\u00e9rieur&nbsp;\u00bb en acc\u00e9dant \u00e0 un capital moins cher et plus important, ainsi qu\u2019\u00e0 des plateformes \u00e9volutives matures. La plateforme d\u2019investissement de Spring Lane vise \u00e0 permettre cette adaptabilit\u00e9.<\/p>\n<\/div>\n<\/div>\n<\/div><\/div>\n","protected":false},"excerpt":{"rendered":"<p>LE CAPITAL DE PROJET CATALYSEUR PERMET LA CROISSANCE Spring Lane utilise le financement de projets pour acc\u00e9l\u00e9rer la croissance d\u2019entreprises durables dans les milieux de l\u2019alimentation, de l\u2019eau, de la gestion des d\u00e9chets, de l\u2019\u00e9nergie et du transport. Ce m\u00eame mod\u00e8le, fond\u00e9 sur le capital de tiers, est ce qui a permis la croissance rapide [&hellip;]<\/p>\n","protected":false},"author":1,"featured_media":0,"parent":0,"menu_order":0,"comment_status":"closed","ping_status":"closed","template":"","meta":{"_acf_changed":false,"footnotes":""},"class_list":["post-151","page","type-page","status-publish","hentry"],"acf":{"header":{"title":"","subtitle":"","background_image":null,"links":null,"callouts":null,"background_video":null},"section":null},"_links":{"self":[{"href":"https:\/\/slc.strandqvist.studio\/fr\/wp-json\/wp\/v2\/pages\/151","targetHints":{"allow":["GET"]}}],"collection":[{"href":"https:\/\/slc.strandqvist.studio\/fr\/wp-json\/wp\/v2\/pages"}],"about":[{"href":"https:\/\/slc.strandqvist.studio\/fr\/wp-json\/wp\/v2\/types\/page"}],"author":[{"embeddable":true,"href":"https:\/\/slc.strandqvist.studio\/fr\/wp-json\/wp\/v2\/users\/1"}],"replies":[{"embeddable":true,"href":"https:\/\/slc.strandqvist.studio\/fr\/wp-json\/wp\/v2\/comments?post=151"}],"version-history":[{"count":5,"href":"https:\/\/slc.strandqvist.studio\/fr\/wp-json\/wp\/v2\/pages\/151\/revisions"}],"predecessor-version":[{"id":475,"href":"https:\/\/slc.strandqvist.studio\/fr\/wp-json\/wp\/v2\/pages\/151\/revisions\/475"}],"wp:attachment":[{"href":"https:\/\/slc.strandqvist.studio\/fr\/wp-json\/wp\/v2\/media?parent=151"}],"curies":[{"name":"wp","href":"https:\/\/api.w.org\/{rel}","templated":true}]}}