{"id":153,"date":"2020-08-28T20:14:04","date_gmt":"2020-08-28T20:14:04","guid":{"rendered":"https:\/\/springlanecapital.com\/our-model\/"},"modified":"2021-01-22T17:13:31","modified_gmt":"2021-01-22T17:13:31","slug":"notre-modele","status":"publish","type":"page","link":"https:\/\/slc.strandqvist.studio\/fr\/notre-modele\/","title":{"rendered":"Notre Mod\u00e8le"},"content":{"rendered":"\n<div class=\"wp-block-columns is-layout-flex wp-container-core-columns-is-layout-9d6595d7 wp-block-columns-is-layout-flex\">\n<div class=\"wp-block-column is-layout-flow wp-block-column-is-layout-flow\">\n<h3 class=\"wp-block-heading\">Crit\u00e8res d&rsquo;investissement<\/h3>\n\n\n\n<h4 class=\"wp-block-heading\">Nous cherchons \u00e0 \u00e9tablir des partenariats avec des entreprises qui ont:<\/h4>\n\n\n\n<ol class=\"wp-block-list\"><li>Une \u00e9quipe de gestion comp\u00e9tente qui produit des r\u00e9sultats<\/li><li>Des solutions de \u00ab r\u00e9partition de l\u2019actif \u00bb qui assurent l\u2019utilisation efficace des ressources et la production d\u2019avantages pour les clients, solutions qui exigent le recours \u00e0 moins d\u2019\u00e9quipement et d\u2019installations, et ce, de mani\u00e8re moins concentr\u00e9e que les projets faisant l\u2019objet d\u2019un financement traditionnel<\/li><li>Des revenus commerciaux solides tir\u00e9s d\u2019une offre technologique \u00e9prouv\u00e9e<\/li><li>Une client\u00e8le affichant une pr\u00e9f\u00e9rence pour des services sur place ou d\u2019autres offres n\u2019exigeant pas de d\u00e9penses en capital fixe<\/li><\/ol>\n<\/div>\n\n\n\n<div class=\"wp-block-column is-layout-flow wp-block-column-is-layout-flow\">\n<h3 class=\"wp-block-heading\">Proc\u00e9dure d&rsquo;investissement<\/h3>\n\n\n\n<h4 class=\"wp-block-heading\">Une approche structur\u00e9e pour la r\u00e9ussite.<\/h4>\n\n\n\n<p>Pour nous assurer de fournir les meilleures chances de r\u00e9ussite \u00e0 long terme \u00e0 nos entreprises partenaires, notre proc\u00e9dure d\u2019investissement est plus m\u00e9thodique que celle \u00e0 laquelle de nombreux entrepreneurs sont habitu\u00e9s lorsqu\u2019elle provient d\u2019une autre source de capital. Nous impliquons habituellement les entreprises avant d\u2019investir dans un processus de contr\u00f4le pr\u00e9alable et de planification d\u00e9taill\u00e9e, notamment:<\/p>\n\n\n\n<ol class=\"wp-block-list\"><li>En conduisant un examen approfondi des besoins du march\u00e9 et de la client\u00e8le.<\/li><li>En effectuant une structuration d\u00e9taill\u00e9e du bassin de projets afin de cr\u00e9er un lien \u00e9troit entre Spring Lane Capital et ses entreprises partenaires, ainsi que d\u2019assurer une r\u00e9ussite mutuelle.<\/li><li>En conduisant une \u00e9valuation des forces et des lacunes de l\u2019\u00e9quipe de direction \u00e0 l\u2019aide de notre m\u00e9thode exclusive d\u2019entrevue approfondie.<\/li><li>En effectuant des \u00e9valuations technologiques et techniques.<\/li><li>En planifiant l\u2019am\u00e9lioration des capacit\u00e9s de gestion des actifs.<\/li><li>En conduisant un examen de durabilit\u00e9 et d\u2019impact.<\/li><\/ol>\n<\/div>\n<\/div>\n\n\n\n<p><\/p>\n","protected":false},"excerpt":{"rendered":"<p>Crit\u00e8res d&rsquo;investissement Nous cherchons \u00e0 \u00e9tablir des partenariats avec des entreprises qui ont: Une \u00e9quipe de gestion comp\u00e9tente qui produit des r\u00e9sultats Des solutions de \u00ab r\u00e9partition de l\u2019actif \u00bb qui assurent l\u2019utilisation efficace des ressources et la production d\u2019avantages pour les clients, solutions qui exigent le recours \u00e0 moins d\u2019\u00e9quipement et d\u2019installations, et ce, [&hellip;]<\/p>\n","protected":false},"author":1,"featured_media":0,"parent":0,"menu_order":0,"comment_status":"closed","ping_status":"closed","template":"templates\/how-we-invest.php","meta":{"_acf_changed":false,"footnotes":""},"class_list":["post-153","page","type-page","status-publish","hentry"],"acf":{"header":{"title":"","subtitle":"","background_image":null,"links":null,"callouts":null,"background_video":null},"section":null},"_links":{"self":[{"href":"https:\/\/slc.strandqvist.studio\/fr\/wp-json\/wp\/v2\/pages\/153","targetHints":{"allow":["GET"]}}],"collection":[{"href":"https:\/\/slc.strandqvist.studio\/fr\/wp-json\/wp\/v2\/pages"}],"about":[{"href":"https:\/\/slc.strandqvist.studio\/fr\/wp-json\/wp\/v2\/types\/page"}],"author":[{"embeddable":true,"href":"https:\/\/slc.strandqvist.studio\/fr\/wp-json\/wp\/v2\/users\/1"}],"replies":[{"embeddable":true,"href":"https:\/\/slc.strandqvist.studio\/fr\/wp-json\/wp\/v2\/comments?post=153"}],"version-history":[{"count":7,"href":"https:\/\/slc.strandqvist.studio\/fr\/wp-json\/wp\/v2\/pages\/153\/revisions"}],"predecessor-version":[{"id":611,"href":"https:\/\/slc.strandqvist.studio\/fr\/wp-json\/wp\/v2\/pages\/153\/revisions\/611"}],"wp:attachment":[{"href":"https:\/\/slc.strandqvist.studio\/fr\/wp-json\/wp\/v2\/media?parent=153"}],"curies":[{"name":"wp","href":"https:\/\/api.w.org\/{rel}","templated":true}]}}