{"id":159,"date":"2020-08-28T18:39:04","date_gmt":"2020-08-28T18:39:04","guid":{"rendered":"https:\/\/springlanecapital.com\/privacy-policy\/"},"modified":"2021-01-13T21:40:29","modified_gmt":"2021-01-13T21:40:29","slug":"privacy-policy","status":"publish","type":"page","link":"https:\/\/slc.strandqvist.studio\/fr\/privacy-policy\/","title":{"rendered":"Politique de confidentialit\u00e9"},"content":{"rendered":"\n<p>La pr\u00e9sente politique de confidentialit\u00e9 d\u00e9crit la mani\u00e8re dont Spring Lane Management, LLC (\u00ab&nbsp;Spring Lane&nbsp;\u00bb) utilise et prot\u00e8ge tous les renseignements que vous lui fournissez lorsque vous utilisez ce site Web. Spring Lane s\u2019engage \u00e0 prot\u00e9ger votre vie priv\u00e9e. Si nous devons vous demander de fournir certains renseignements qui permettent de vous identifier lorsque vous utilisez ce site Web, vous pouvez \u00eatre certain qu\u2019ils seront utilis\u00e9s en accord avec la pr\u00e9sente politique de confidentialit\u00e9. Spring Lane peut modifier la pr\u00e9sente politique de temps \u00e0 autre en mettant cette page \u00e0 jour. Nous vous conseillons de visiter cette page \u00e0 l\u2019occasion pour vous assurer que vous \u00eates d\u2019accord avec tout changement. Cette politique entre en vigueur le 1<sup>er<\/sup>&nbsp;d\u00e9cembre&nbsp;2020.<\/p>\n\n\n\n<h3 class=\"wp-block-heading\"><strong>Ce que nous recueillons<\/strong><\/h3>\n\n\n\n<p>Nous recueillons des renseignements sur vous lorsque vous vous connectez \u00e0 notre site Web, que vous vous abonnez \u00e0 notre bulletin, que vous r\u00e9pondez \u00e0 un sondage ou que vous remplissez un formulaire.<\/p>\n\n\n\n<p>Lorsque vous faites une commande ou que vous vous connectez \u00e0 notre site Web, le cas \u00e9ch\u00e9ant, il se pourrait que l\u2019on vous demande de saisir votre nom, votre adresse courriel, votre adresse postale et votre num\u00e9ro de t\u00e9l\u00e9phone. Il est toutefois possible de visiter notre site de mani\u00e8re anonyme.<\/p>\n\n\n\n<h3 class=\"wp-block-heading\"><strong>Ce que nous faisons avec les renseignements recueillis<\/strong><\/h3>\n\n\n\n<p>Nous avons besoin de ces renseignements pour bien cerner vos besoins et pour poursuivre nos efforts dans le but de vous offrir un meilleur service, en particulier pour les raisons suivantes&nbsp;:<\/p>\n\n\n\n<ul class=\"wp-block-list\"><li>Nous pouvons utiliser les renseignements pour am\u00e9liorer nos produits et nos services.<\/li><li>Il se peut que vous receviez \u00e0 l\u2019occasion un courriel au sujet de nouveaux produits, d\u2019offres sp\u00e9ciales ou d\u2019autres renseignements qui pourraient vous int\u00e9resser \u00e0 l\u2019adresse courriel que vous avez fournie.<\/li><li>Nous pouvons parfois utiliser vos renseignements pour vous contacter dans le cadre d\u2019\u00e9tudes de march\u00e9.<\/li><li>Nous pouvons utiliser les renseignements pour personnaliser le site Web en fonction de vos int\u00e9r\u00eats et de vos commentaires.<\/li><li>Nous ne communiquerons jamais vos renseignements \u00e0 nos partenaires externes \u00e0 des fins de marketing ou de promotion.<\/li><\/ul>\n\n\n\n<p>Nous ne vendrons jamais vos renseignements.<\/p>\n\n\n\n<h3 class=\"wp-block-heading\"><\/h3>\n\n\n\n<h2 class=\"wp-block-heading\"><strong>S\u00c9CURIT\u00c9<\/strong><\/h2>\n\n\n\n<p>Nous nous engageons \u00e0 garder vos renseignements en s\u00e9curit\u00e9. Afin de pr\u00e9venir un acc\u00e8s ou une divulgation non autoris\u00e9s, nous avons mis en place des proc\u00e9dures physiques, \u00e9lectroniques et de gestion appropri\u00e9es pour prot\u00e9ger et s\u00e9curiser les renseignements que nous recueillons en ligne.<\/p>\n\n\n\n<h2 class=\"wp-block-heading\"><strong>T\u00c9MOINS DE CONNEXION<\/strong><\/h2>\n\n\n\n<p>Un t\u00e9moin de connexion est un petit fichier n\u00e9cessitant une permission pour \u00eatre plac\u00e9 sur le disque dur de votre ordinateur. Une fois la permission obtenue, le fichier est ajout\u00e9 et le t\u00e9moin de connexion contribue \u00e0 l\u2019analyse du trafic Web ou vous informe lorsque vous visitez un site en particulier. Les t\u00e9moins de connexion permettent aux applications Web de s\u2019adapter personnellement \u00e0 vous. Les applications Web peuvent personnaliser leurs op\u00e9rations en fonction de vos besoins, de ce qui vous pla\u00eet et ce qui vous d\u00e9pla\u00eet en recueillant et en stockant des renseignements sur vos pr\u00e9f\u00e9rences. Spring Lane a recours \u00e0 des t\u00e9moins de connexion de journal de trafic afin de cerner les pages qui sont visit\u00e9es. Cette fonction nous aide \u00e0 analyser des donn\u00e9es \u00e0 propos du trafic sur les pages Web et \u00e0 am\u00e9liorer notre site pour qu\u2019il soit conforme avec les besoins de notre client\u00e8le. Ces renseignements sont utilis\u00e9s uniquement \u00e0 des fins d\u2019analyse statistique pour \u00eatre ensuite \u00e9limin\u00e9s du syst\u00e8me. En gros, ces t\u00e9moins nous aident \u00e0 offrir un meilleur site Web en nous permettant de savoir quelles sont les pages vous trouvez utiles ou non. Un t\u00e9moin ne nous fournit d\u2019aucune mani\u00e8re un acc\u00e8s \u00e0 votre ordinateur ou \u00e0 des renseignements \u00e0 votre sujet, sauf ceux que vous d\u00e9cidez de partager avec nous. Vous \u00eates en mesure d\u2019accepter ou de refuser les t\u00e9moins de connexion. La plupart des navigateurs Web acceptent automatiquement les t\u00e9moins, mais vous pouvez habituellement modifier les param\u00e8tres de votre navigateur pour refuser les t\u00e9moins si sous le souhaitez. Le faire pourrait vous emp\u00eacher de profiter pleinement du site Web.<\/p>\n\n\n\n<h3 class=\"wp-block-heading\"><strong>Liens vers d\u2019autres sites Web<\/strong><\/h3>\n\n\n\n<p>Le site Web de Spring Lane peut contenir des liens vous permettant de visiter facilement d\u2019autres sites Web d\u2019int\u00e9r\u00eat. Toutefois, une fois que vous avez cliqu\u00e9 sur ces liens et quitt\u00e9 notre site, veuillez noter que nous n\u2019avons aucun contr\u00f4le sur cet autre site Web. Ainsi, nous ne pouvons \u00eatre tenus responsables de la protection et de la confidentialit\u00e9 des renseignements que vous fournissez lorsque vous visitez de tels sites et ces sites ne sont pas r\u00e9gis par la pr\u00e9sente politique de confidentialit\u00e9. Vous devez faire preuve de prudence et consulter la politique de confidentialit\u00e9 du site Web en question.<\/p>\n\n\n\n<h2 class=\"wp-block-heading\"><strong>Contr\u00f4le de vos renseignements personnels<\/strong><\/h2>\n\n\n\n<p>Nous ne vendons, ne distribuons ni ne louons vos renseignements personnels \u00e0 aucun tiers, \u00e0 moins d\u2019en avoir obtenu l\u2019autorisation de votre part ou d\u2019en \u00eatre tenus par la loi. Spring Lane n\u2019utilise pas vos renseignements personnels pour vous envoyer de l\u2019information promotionnelle sur des tiers. Vous pouvez demander des renseignements personnels que nous d\u00e9tenons \u00e0 votre sujet en vertu de la <em>Data Protection Act&nbsp;1998<\/em>. Vous devrez acquitter des frais modiques. Si vous souhaitez obtenir une copie des renseignements que nous avons sur vous, veuillez nous \u00e9crire. Si vous croyez que des renseignements sur vous d\u00e9tenus par Spring Lane sont inexacts ou incomplets, veuillez \u00e9crire ou envoyer un courriel \u00e0 l\u2019adresse pr\u00e9cit\u00e9e. Nous corrigerons toute information jug\u00e9e erron\u00e9e dans les plus brefs d\u00e9lais.<\/p>\n\n\n\n<p>Cette politique de confidentialit\u00e9 peut changer de temps \u00e0 autre et doit \u00eatre r\u00e9vis\u00e9e p\u00e9riodiquement.<\/p>\n","protected":false},"excerpt":{"rendered":"<p>La pr\u00e9sente politique de confidentialit\u00e9 d\u00e9crit la mani\u00e8re dont Spring Lane Management, LLC (\u00ab&nbsp;Spring Lane&nbsp;\u00bb) utilise et prot\u00e8ge tous les renseignements que vous lui fournissez lorsque vous utilisez ce site Web. Spring Lane s\u2019engage \u00e0 prot\u00e9ger votre vie priv\u00e9e. Si nous devons vous demander de fournir certains renseignements qui permettent de vous identifier lorsque vous [&hellip;]<\/p>\n","protected":false},"author":1,"featured_media":0,"parent":0,"menu_order":0,"comment_status":"closed","ping_status":"open","template":"","meta":{"_acf_changed":false,"footnotes":""},"class_list":["post-159","page","type-page","status-publish","hentry"],"acf":{"header":{"title":"","subtitle":"","background_image":null,"links":null,"callouts":null,"background_video":null},"section":null},"_links":{"self":[{"href":"https:\/\/slc.strandqvist.studio\/fr\/wp-json\/wp\/v2\/pages\/159","targetHints":{"allow":["GET"]}}],"collection":[{"href":"https:\/\/slc.strandqvist.studio\/fr\/wp-json\/wp\/v2\/pages"}],"about":[{"href":"https:\/\/slc.strandqvist.studio\/fr\/wp-json\/wp\/v2\/types\/page"}],"author":[{"embeddable":true,"href":"https:\/\/slc.strandqvist.studio\/fr\/wp-json\/wp\/v2\/users\/1"}],"replies":[{"embeddable":true,"href":"https:\/\/slc.strandqvist.studio\/fr\/wp-json\/wp\/v2\/comments?post=159"}],"version-history":[{"count":4,"href":"https:\/\/slc.strandqvist.studio\/fr\/wp-json\/wp\/v2\/pages\/159\/revisions"}],"predecessor-version":[{"id":609,"href":"https:\/\/slc.strandqvist.studio\/fr\/wp-json\/wp\/v2\/pages\/159\/revisions\/609"}],"wp:attachment":[{"href":"https:\/\/slc.strandqvist.studio\/fr\/wp-json\/wp\/v2\/media?parent=159"}],"curies":[{"name":"wp","href":"https:\/\/api.w.org\/{rel}","templated":true}]}}