{"id":161,"date":"2020-11-10T19:39:50","date_gmt":"2020-11-10T19:39:50","guid":{"rendered":"https:\/\/springlanecapital.com\/?page_id=161"},"modified":"2021-01-13T21:40:54","modified_gmt":"2021-01-13T21:40:54","slug":"terms-of-use-fr","status":"publish","type":"page","link":"https:\/\/slc.strandqvist.studio\/fr\/terms-of-use-fr\/","title":{"rendered":"Conditions d\u2019utilisation"},"content":{"rendered":"\n<p><strong>1. Conditions<\/strong><\/p>\n\n\n\n<p>En visitant ce site Web, vous acceptez d\u2019\u00eatre li\u00e9 par les pr\u00e9sentes conditions d\u2019utilisation et par l\u2019ensemble des lois et des r\u00e8glements applicables, et vous convenez que vous devez vous conformer aux lois locales applicables. Si vous \u00eates en d\u00e9saccord avec l\u2019une ou l\u2019autre de ces conditions, il vous est interdit d\u2019utiliser ce site Web ou d\u2019y acc\u00e9der. Le contenu de ce site Web est prot\u00e9g\u00e9 par les lois applicables sur les droits d\u2019auteur et les marques de commerce.<\/p>\n\n\n\n<p><strong>2. Licence d\u2019utilisation<\/strong><\/p>\n\n\n\n<p>Vous avez la permission de t\u00e9l\u00e9charger temporairement une copie du contenu (renseignement ou logiciel) \u00e0 partir du site Web de Spring Lane Management, LLC (\u00ab&nbsp;Spring Lane&nbsp;\u00bb) \u00e0 des fins personnelles et non commerciales seulement. Il s\u2019agit d\u2019un octroi de licence et non d\u2019un transfert de titre, lequel octroi ne vous donnant pas de droit&nbsp;:<\/p>\n\n\n\n<ul class=\"wp-block-list\"><li>de modifier ou de copier le contenu;<\/li><li>d\u2019utiliser le contenu \u00e0 des fins commerciales ou pour affichage public (commercial ou non);<\/li><li>de tenter de d\u00e9compiler ou de r\u00e9troconcevoir tout logiciel contenu sur le site Web de Spring Lane;<\/li><li>de retirer tout droit d\u2019auteur ou toute autre mention de propri\u00e9t\u00e9 des documents; ou&nbsp;<\/li><li>de transf\u00e9rer le contenu \u00e0 une autre personne ou de le reproduire sur tout autre serveur.<\/li><\/ul>\n\n\n\n<p>La licence est automatiquement r\u00e9sili\u00e9e si vous enfreignez l\u2019une ou l\u2019autre de ces restrictions et peut \u00eatre r\u00e9sili\u00e9e en tout temps par Spring Lane. Apr\u00e8s avoir consult\u00e9 ces documents ou \u00e0 la fin de la licence, vous devez d\u00e9truire tout mat\u00e9riel t\u00e9l\u00e9charg\u00e9 en votre possession, que ce soit en format \u00e9lectronique ou imprim\u00e9.<\/p>\n\n\n\n<p><strong>3. Aucune offre ou consultation<\/strong><\/p>\n\n\n\n<p>Vous reconnaissez que le contenu du site Web est offert \u00e0 des fins g\u00e9n\u00e9rales et informatives seulement et qu\u2019il ne constitue pas une offre de vente ou d\u2019achat de titres ou d\u2019autres biens, ni une promesse d\u2019entreprendre ou de solliciter des affaires, et il ne peut \u00eatre utilis\u00e9 dans le cadre d\u2019une offre ou d\u2019une vente de titres ou d\u2019autres actifs. Une offre ou une soumission ne sera faite que par le biais d\u2019un m\u00e9morandum de placement priv\u00e9 final, d\u2019une entente de souscription et d\u2019autres documents connexes relatifs \u00e0 une occasion d\u2019investissement particuli\u00e8re et sera soumise aux modalit\u00e9s contenues dans ces documents, y compris les crit\u00e8res \u00e0 remplir pour devenir investisseur. Spring Lane ne pr\u00e9tend pas que les renseignements fournis sur son site Web sont exacts, \u00e0 jour ou complets. Vous \u00eates le seul responsable de l\u2019\u00e9valuation des risques et du bien-fond\u00e9 de l\u2019utilisation du site Web et de tous les services qui y sont fournis.<\/p>\n\n\n\n<p>Spring Lane n\u2019utilise son site Web ni pour fournir des conseils en placement ni aucun autre conseil, et rien, sur le site Web, ne doit \u00eatre consid\u00e9r\u00e9 comme une recommandation relative \u00e0 l\u2019achat, \u00e0 la vente ou \u00e0 la d\u00e9tention de titres ou d\u2019autres placements, ni \u00e0 l\u2019application de quelque style ou strat\u00e9gie de placement que ce soit. Si vous souhaitez obtenir des conseils en placement, en comptabilit\u00e9, en fiscalit\u00e9 ou en droit en lien avec votre situation ou vos besoins, vous devez consulter vos propres conseillers.<\/p>\n\n\n\n<p><strong>4. Rendement ant\u00e9rieur<\/strong><\/p>\n\n\n\n<p>Aucune donn\u00e9e ni aucun commentaire sur le rendement sur le site Web ne repr\u00e9sentent une indication du rendement ant\u00e9rieur. Le rendement ant\u00e9rieur n\u2019est pas r\u00e9v\u00e9lateur des r\u00e9sultats futurs; on ne pr\u00e9tend pas que tout investissement permettra ou est susceptible de produire des profits ou des pertes semblables \u00e0 ceux qui ont \u00e9t\u00e9 r\u00e9alis\u00e9s dans le pass\u00e9, ou que des pertes importantes seront \u00e9vit\u00e9es.<\/p>\n\n\n\n<p><strong>5. \u00c9nonc\u00e9s prospectifs<\/strong><\/p>\n\n\n\n<p>Le site Web peut contenir des \u00e9nonc\u00e9s prospectifs fond\u00e9s sur des croyances, des hypoth\u00e8ses, des pr\u00e9visions actuelles, des estimations et des projections au sujet du secteur financier, de l\u2019\u00e9conomie, de Spring Lane ou de ses investissements. Ces \u00e9nonc\u00e9s ne repr\u00e9sentent pas des garanties de rendement futur et comportent certains risques, des incertitudes et des hypoth\u00e8ses qui sont difficiles \u00e0 pr\u00e9voir en ce qui concerne le moment, l\u2019\u00e9tendue, la probabilit\u00e9 et le degr\u00e9 d\u2019occurrence. Par cons\u00e9quent, les r\u00e9sultats r\u00e9els peuvent diff\u00e9rer sensiblement de ce qui est exprim\u00e9 ou pr\u00e9vu dans ces \u00e9nonc\u00e9s prospectifs. En outre, Spring Lane n\u2019a aucune obligation de mettre \u00e0 jour, de modifier ou de clarifier les \u00e9nonc\u00e9s prospectifs, que ce soit \u00e0 la suite de l\u2019obtention de nouveaux renseignements, d\u2019\u00e9v\u00e9nements futurs ou autre.<\/p>\n\n\n\n<p><strong>6. Clause de non-responsabilit\u00e9<\/strong><\/p>\n\n\n\n<p>Le contenu du site Web de Spring Lane est fourni \u00ab&nbsp;tel quel&nbsp;\u00bb. Spring Lane n\u2019offre aucune garantie, expresse ou implicite, et rejette et annule par les pr\u00e9sentes toutes les autres garanties, y compris, sans s\u2019y limiter, les garanties implicites ou les conditions de qualit\u00e9 marchande, l\u2019adaptation \u00e0 un usage particulier, ou la non-violation de la propri\u00e9t\u00e9 intellectuelle ou tout autre violation des droits. En outre, Spring Lane ne garantit ni ne pr\u00e9sente d\u2019observations concernant l\u2019exactitude, les r\u00e9sultats probables ou la fiabilit\u00e9 de l\u2019utilisation du contenu de son site Web ou autrement li\u00e9es \u00e0 ces documents ou \u00e0 tout site li\u00e9 \u00e0 ce site.<\/p>\n\n\n\n<p><strong>7. Limites<\/strong><\/p>\n\n\n\n<p>Spring Lane et ses fournisseurs ne sont en aucun cas responsables des dommages (y compris, mais non inclusivement, les dommages d\u00e9coulant de la perte de donn\u00e9es ou de profits, ou d\u2019une interruption des activit\u00e9s) relativement \u00e0 l\u2019utilisation du contenu du site Web de Spring Lane ou \u00e0 l\u2019interdiction de le faire, m\u00eame si Spring Lane ou un repr\u00e9sentant autoris\u00e9 de Spring Lane a \u00e9t\u00e9 avis\u00e9 oralement ou par \u00e9crit de la possibilit\u00e9 de tels dommages. \u00c9tant donn\u00e9 que certaines autorit\u00e9s l\u00e9gislatives ne permettent pas de limiter les garanties implicites ou la responsabilit\u00e9 en cas de dommages cons\u00e9cutifs ou accessoires, ces limites peuvent ne pas s\u2019appliquer \u00e0 vous.<\/p>\n\n\n\n<p><strong>8. Modifications et errata<\/strong><\/p>\n\n\n\n<p>Les documents affich\u00e9s sur le site Web de Spring Lane peuvent comprendre des erreurs techniques, typographiques ou photographiques. Spring Lane ne garantit pas que le contenu de son site Web est exact, complet ou \u00e0 jour. Spring Lane peut apporter des changements au contenu de son site Web en tout temps, sans pr\u00e9avis. Spring Lane ne s\u2019engage toutefois pas \u00e0 mettre \u00e0 jour les documents.<\/p>\n\n\n\n<p><strong>9. Liens<\/strong><\/p>\n\n\n\n<p>Spring Lane n\u2019a pas examin\u00e9 tous les sites li\u00e9s \u00e0 son site Web et n\u2019est pas responsable du contenu de ces sites. L\u2019inclusion d\u2019un lien ne signifie pas que Spring Lane approuve le site. La visite d\u2019un tel site Web est au risque de l\u2019utilisateur.<\/p>\n\n\n\n<p><strong>10. Modifications des conditions d\u2019utilisation du site<\/strong><\/p>\n\n\n\n<p>Spring Lane peut modifier les conditions d\u2019utilisation de son site Web en tout temps sans pr\u00e9avis. En visitant ce site Web, vous acceptez d\u2019\u00eatre li\u00e9 par la version des pr\u00e9sentes conditions d\u2019utilisation en vigueur au moment de la visite.<\/p>\n\n\n\n<p><strong>11. Loi applicable<\/strong><\/p>\n\n\n\n<p>Toute all\u00e9gation relative au site Web de Spring Lane est r\u00e9gie par les lois du Massachusetts, sans \u00e9gard aux dispositions sur les conflits de lois de cet \u00c9tat.<\/p>\n\n\n\n<p><strong>12. Renseignements de tiers<\/strong><\/p>\n\n\n\n<p>Le contenu provenant de sources tierces, que nous tenons pour fiable, n\u2019a pas fait l\u2019objet d\u2019un examen ind\u00e9pendant ou d\u2019une v\u00e9rification quant \u00e0 son exactitude, son int\u00e9gralit\u00e9 et ne peut donc \u00eatre garanti. Spring Lane n\u2019est pas tenue de modifier ou de mettre \u00e0 jour le contenu des sites Web ou du contenu de tiers ni d\u2019aviser ceux qui lisent le contenu de ces tiers, si des renseignements, des opinions, des projections, des pr\u00e9visions ou des estimations sont ajout\u00e9s, modifi\u00e9s ou deviennent inexacts par la suite.<\/p>\n","protected":false},"excerpt":{"rendered":"<p>1. Conditions En visitant ce site Web, vous acceptez d\u2019\u00eatre li\u00e9 par les pr\u00e9sentes conditions d\u2019utilisation et par l\u2019ensemble des lois et des r\u00e8glements applicables, et vous convenez que vous devez vous conformer aux lois locales applicables. Si vous \u00eates en d\u00e9saccord avec l\u2019une ou l\u2019autre de ces conditions, il vous est interdit d\u2019utiliser ce [&hellip;]<\/p>\n","protected":false},"author":1,"featured_media":0,"parent":0,"menu_order":0,"comment_status":"closed","ping_status":"closed","template":"","meta":{"_acf_changed":false,"footnotes":""},"class_list":["post-161","page","type-page","status-publish","hentry"],"acf":{"header":{"title":"","subtitle":"","background_image":null,"links":null,"callouts":null,"background_video":null},"section":null},"_links":{"self":[{"href":"https:\/\/slc.strandqvist.studio\/fr\/wp-json\/wp\/v2\/pages\/161","targetHints":{"allow":["GET"]}}],"collection":[{"href":"https:\/\/slc.strandqvist.studio\/fr\/wp-json\/wp\/v2\/pages"}],"about":[{"href":"https:\/\/slc.strandqvist.studio\/fr\/wp-json\/wp\/v2\/types\/page"}],"author":[{"embeddable":true,"href":"https:\/\/slc.strandqvist.studio\/fr\/wp-json\/wp\/v2\/users\/1"}],"replies":[{"embeddable":true,"href":"https:\/\/slc.strandqvist.studio\/fr\/wp-json\/wp\/v2\/comments?post=161"}],"version-history":[{"count":3,"href":"https:\/\/slc.strandqvist.studio\/fr\/wp-json\/wp\/v2\/pages\/161\/revisions"}],"predecessor-version":[{"id":610,"href":"https:\/\/slc.strandqvist.studio\/fr\/wp-json\/wp\/v2\/pages\/161\/revisions\/610"}],"wp:attachment":[{"href":"https:\/\/slc.strandqvist.studio\/fr\/wp-json\/wp\/v2\/media?parent=161"}],"curies":[{"name":"wp","href":"https:\/\/api.w.org\/{rel}","templated":true}]}}